{"id":163,"date":"2024-07-03T09:42:23","date_gmt":"2024-07-03T09:42:23","guid":{"rendered":"https:\/\/matematicas.uclm.es\/imaginary\/?page_id=163"},"modified":"2024-07-24T08:57:17","modified_gmt":"2024-07-24T08:57:17","slug":"visitas-guiadas","status":"publish","type":"page","link":"https:\/\/matematicas.uclm.es\/imaginary\/?page_id=163","title":{"rendered":"Visitas guiadas"},"content":{"rendered":"\n<p>IMAGINARY&nbsp;ofrece la oportunidad de disfrutar aspectos relacionados con la visualizaci\u00f3n matem\u00e1tica a trav\u00e9s de un recorrido por la exposici\u00f3n con grupos de alumnos o compa\u00f1eros.<\/p>\n\n\n\n<p>Se establecen dos modalidades para concertar visitas guiadas.<\/p>\n\n\n\n<p><strong>Visitas guiadas para alumnos de Bachillerato<\/strong><\/p>\n\n\n\n<ul class=\"wp-block-list\">\n<li>De lunes a viernes, del 3 al 28 de marzo de 2025, en horario de 10:00 a 11:30 y 12:00 a 13:30, para grupos de entre 20 y 30 estudiantes.<\/li>\n<\/ul>\n\n\n\n<ul class=\"wp-block-list\">\n<li>La asignaci\u00f3n de los turnos se realizar\u00e1 por riguroso orden de solicitud, teniendo en cuenta las preferencias de los centros y la disponibilidad de huecos libres.<\/li>\n<\/ul>\n\n\n\n<p><strong>Visitas guiadas para p\u00fablico en general<\/strong><\/p>\n\n\n\n<ul class=\"wp-block-list\">\n<li>De lunes a viernes, del 17 al 28 de marzo de 2025, en horario de 18:00 a 20:00, para grupos de m\u00e1ximo 20 personas<\/li>\n\n\n\n<li>S\u00e1bados y domingos del 18 al 28 de marzo de 2025, en horario de 11:30 a 13:30<\/li>\n<\/ul>\n\n\n\n<p><\/p>\n\n\n\n<p><\/p>\n\n\n\n<p>Para solicitar una visita guiada, escribe a <a href=\"mailto:imaginary.dep.matematicas@uclm.es\" target=\"_blank\" rel=\"noreferrer noopener\">imaginary.dep.matematicas@uclm.es<\/a><\/p>\n","protected":false},"excerpt":{"rendered":"<p>IMAGINARY&nbsp;ofrece la oportunidad de disfrutar aspectos relacionados con la visualizaci\u00f3n matem\u00e1tica a trav\u00e9s de un recorrido por la exposici\u00f3n con grupos de alumnos o compa\u00f1eros. Se establecen dos modalidades para concertar visitas guiadas. Visitas guiadas para alumnos de Bachillerato Visitas guiadas para p\u00fablico en general Para solicitar una visita guiada, escribe a imaginary.dep.matematicas@uclm.es<\/p>\n","protected":false},"author":1,"featured_media":0,"parent":0,"menu_order":0,"comment_status":"closed","ping_status":"closed","template":"","meta":{"_editorskit_title_hidden":false,"_editorskit_reading_time":0,"_editorskit_is_block_options_detached":false,"_editorskit_block_options_position":"{}","_uag_custom_page_level_css":"","footnotes":""},"class_list":["post-163","page","type-page","status-publish","hentry"],"uagb_featured_image_src":{"full":false,"thumbnail":false,"medium":false,"medium_large":false,"large":false,"1536x1536":false,"2048x2048":false,"post-thumbnail":false},"uagb_author_info":{"display_name":"earanda","author_link":"https:\/\/matematicas.uclm.es\/imaginary\/?author=1"},"uagb_comment_info":0,"uagb_excerpt":"IMAGINARY&nbsp;ofrece la oportunidad de disfrutar aspectos relacionados con la visualizaci\u00f3n matem\u00e1tica a trav\u00e9s de un recorrido por la exposici\u00f3n con grupos de alumnos o compa\u00f1eros. Se establecen dos modalidades para concertar visitas guiadas. Visitas guiadas para alumnos de Bachillerato Visitas guiadas para p\u00fablico en general Para solicitar una visita guiada, escribe a imaginary.dep.matematicas@uclm.es","_links":{"self":[{"href":"https:\/\/matematicas.uclm.es\/imaginary\/index.php?rest_route=\/wp\/v2\/pages\/163","targetHints":{"allow":["GET"]}}],"collection":[{"href":"https:\/\/matematicas.uclm.es\/imaginary\/index.php?rest_route=\/wp\/v2\/pages"}],"about":[{"href":"https:\/\/matematicas.uclm.es\/imaginary\/index.php?rest_route=\/wp\/v2\/types\/page"}],"author":[{"embeddable":true,"href":"https:\/\/matematicas.uclm.es\/imaginary\/index.php?rest_route=\/wp\/v2\/users\/1"}],"replies":[{"embeddable":true,"href":"https:\/\/matematicas.uclm.es\/imaginary\/index.php?rest_route=%2Fwp%2Fv2%2Fcomments&post=163"}],"version-history":[{"count":5,"href":"https:\/\/matematicas.uclm.es\/imaginary\/index.php?rest_route=\/wp\/v2\/pages\/163\/revisions"}],"predecessor-version":[{"id":204,"href":"https:\/\/matematicas.uclm.es\/imaginary\/index.php?rest_route=\/wp\/v2\/pages\/163\/revisions\/204"}],"wp:attachment":[{"href":"https:\/\/matematicas.uclm.es\/imaginary\/index.php?rest_route=%2Fwp%2Fv2%2Fmedia&parent=163"}],"curies":[{"name":"wp","href":"https:\/\/api.w.org\/{rel}","templated":true}]}}