{"id":90,"date":"2023-07-04T13:15:17","date_gmt":"2023-07-04T13:15:17","guid":{"rendered":"https:\/\/matematicas.uclm.es\/estalmat\/?page_id=90"},"modified":"2026-04-21T10:49:45","modified_gmt":"2026-04-21T10:49:45","slug":"pruebas-de-convocatorias-anteriores","status":"publish","type":"page","link":"https:\/\/matematicas.uclm.es\/estalmat\/?page_id=90","title":{"rendered":"Pruebas de convocatorias anteriores"},"content":{"rendered":"\n<p>Aqu\u00ed se incluyen algunas pruebas de selecci\u00f3n que se han llevado a cabo en a\u00f1os precedentes:<\/p>\n\n\n\n<p><a href=\"https:\/\/verso.mat.uam.es\/~eugenio.hernandez\/Estalmat-Materiales\/Pruebas\/Prueba2005.pdf\" class=\"ek-link\">2005<\/a><\/p>\n\n\n\n<p><a href=\"https:\/\/verso.mat.uam.es\/~eugenio.hernandez\/Estalmat-Materiales\/Pruebas\/Prueba2006.pdf\" class=\"ek-link\">2006<\/a><\/p>\n\n\n\n<p><a href=\"https:\/\/verso.mat.uam.es\/~eugenio.hernandez\/Estalmat-Materiales\/Pruebas\/Prueba2016.pdf\" class=\"ek-link\">2016<\/a><\/p>\n\n\n\n<p><a href=\"https:\/\/verso.mat.uam.es\/~eugenio.hernandez\/Estalmat-Materiales\/Pruebas\/Prueba2017.pdf\" class=\"ek-link\">2017<\/a><\/p>\n\n\n\n<p><\/p>\n\n\n\n<p><\/p>\n","protected":false},"excerpt":{"rendered":"<p>Aqu\u00ed se incluyen algunas pruebas de selecci\u00f3n que se han llevado a cabo en a\u00f1os precedentes: 2005 2006 2016 2017<\/p>\n","protected":false},"author":1,"featured_media":0,"parent":0,"menu_order":0,"comment_status":"closed","ping_status":"closed","template":"","meta":{"_editorskit_title_hidden":false,"_editorskit_reading_time":0,"_editorskit_is_block_options_detached":false,"_editorskit_block_options_position":"{}","_uag_custom_page_level_css":"","footnotes":""},"class_list":["post-90","page","type-page","status-publish","hentry"],"uagb_featured_image_src":{"full":false,"thumbnail":false,"medium":false,"medium_large":false,"large":false,"1536x1536":false,"2048x2048":false},"uagb_author_info":{"display_name":"earanda","author_link":"https:\/\/matematicas.uclm.es\/estalmat\/?author=1"},"uagb_comment_info":0,"uagb_excerpt":"Aqu\u00ed se incluyen algunas pruebas de selecci\u00f3n que se han llevado a cabo en a\u00f1os precedentes: 2005 2006 2016 2017","_links":{"self":[{"href":"https:\/\/matematicas.uclm.es\/estalmat\/index.php?rest_route=\/wp\/v2\/pages\/90","targetHints":{"allow":["GET"]}}],"collection":[{"href":"https:\/\/matematicas.uclm.es\/estalmat\/index.php?rest_route=\/wp\/v2\/pages"}],"about":[{"href":"https:\/\/matematicas.uclm.es\/estalmat\/index.php?rest_route=\/wp\/v2\/types\/page"}],"author":[{"embeddable":true,"href":"https:\/\/matematicas.uclm.es\/estalmat\/index.php?rest_route=\/wp\/v2\/users\/1"}],"replies":[{"embeddable":true,"href":"https:\/\/matematicas.uclm.es\/estalmat\/index.php?rest_route=%2Fwp%2Fv2%2Fcomments&post=90"}],"version-history":[{"count":3,"href":"https:\/\/matematicas.uclm.es\/estalmat\/index.php?rest_route=\/wp\/v2\/pages\/90\/revisions"}],"predecessor-version":[{"id":187,"href":"https:\/\/matematicas.uclm.es\/estalmat\/index.php?rest_route=\/wp\/v2\/pages\/90\/revisions\/187"}],"wp:attachment":[{"href":"https:\/\/matematicas.uclm.es\/estalmat\/index.php?rest_route=%2Fwp%2Fv2%2Fmedia&parent=90"}],"curies":[{"name":"wp","href":"https:\/\/api.w.org\/{rel}","templated":true}]}}