{"id":8,"date":"2023-04-11T09:17:25","date_gmt":"2023-04-11T09:17:25","guid":{"rendered":"https:\/\/matematicas.uclm.es\/wordpress\/?page_id=8"},"modified":"2026-04-23T07:01:09","modified_gmt":"2026-04-23T07:01:09","slug":"presentacion","status":"publish","type":"page","link":"https:\/\/matematicas.uclm.es\/estalmat\/","title":{"rendered":"Presentaci\u00f3n"},"content":{"rendered":"\n<p class=\"has-text-align-justify\">El proyecto <a href=\"https:\/\/www.estalmat.org\">ESTALMAT<\/a> (ESt\u00edmulo del TALento MATem\u00e1tico) es un proyecto de la <a href=\"https:\/\/rac.es\">Real Academia de Ciencias Exactas, F\u00edsicas y Naturales<\/a> de Espa\u00f1a. Tal y como lo indican sus siglas, pretende fomentar el talento matem\u00e1tico, detect\u00e1ndolo en una edad temprana y poniendo en contacto a los j\u00f3venes con aspectos de las matem\u00e1ticas habitualmente desconocidos para ellos. Es por ello que el Departamento de Matem\u00e1ticas de la Universidad de Castilla &#8211; La Mancha considera necesario trabajar en un proyecto de esta categor\u00eda, y se ha puesto manos a la obra con el entusiasmo y colaboraci\u00f3n de profesores de universidad y de centros de ense\u00f1anza secundaria de la regi\u00f3n.<br>&nbsp;<\/p>\n\n\n\n<p class=\"has-text-align-justify\">El proyecto&nbsp;<a href=\"http:\/\/www.estalmat.org\/\">ESTALMAT<\/a>&nbsp;vio la luz en el a\u00f1o 1998 en la Comunidad de Madrid. La idea parti\u00f3 del profesor Miguel de Guzm\u00e1n, de la Universidad Complutense de Madrid, que siempre sinti\u00f3 una gran inquietud por divulgar la esencia de las Matem\u00e1ticas y por prestar atenci\u00f3n a los estudiantes con capacidad y ganas de aprender y profundizar en ellas.<\/p>\n\n\n\n<p class=\"has-text-align-justify\">Posteriormente se fueron uniendo al proyecto otras Comunidades Aut\u00f3nomas, siendo en la actualidad trece las comunidades implicadas en el proyecto. Desde el a\u00f1o 2007, ESTALMAT cuenta con la especial colaboraci\u00f3n del\u00a0<a href=\"http:\/\/www.csic.es\/\">Consejo Superior de Investigaciones Cient\u00edficas (CSIC)<\/a>, siempre interesado en despertar la vocaci\u00f3n cient\u00edfica de los j\u00f3venes espa\u00f1oles. Los directores del proyecto a nivel nacional han sido Miguel de Guzm\u00e1n Oz\u00e1miz (1998-2004), Amable Li\u00f1\u00e1n Mart\u00ednez (2004-2019) y Manuel de Le\u00f3n Rodr\u00edguez (2019-presente).\u00a0<\/p>\n\n\n\n<p class=\"has-text-align-justify\">En las comunidades participantes en el proyecto ESTALMAT se realizan pruebas id\u00e9nticas de forma simult\u00e1nea para seleccionar alumnos de primer curso de ense\u00f1anza secundaria y sexto de primaria. La selecci\u00f3n se realiza en base a las aptitudes matem\u00e1ticas de los j\u00f3venes estudiantes. Una vez hecha la selecci\u00f3n, los participantes reciben clases las ma\u00f1anas de los s\u00e1bados desde el mes de octubre y hasta el final del curso acad\u00e9mico. El objetivo de las sesiones es profundizar y desarrollar contenidos matem\u00e1ticos que habitualmente no se trabajan dentro de las aulas, y que son parte fundamental de la esencia de las matem\u00e1ticas.<\/p>\n\n\n\n<h2 class=\"wp-block-heading\"><strong>Estalmat Castilla &#8211; La Mancha<\/strong><\/h2>\n\n\n\n<p class=\"has-text-align-justify\">El proyecto ESTALMAT en Castilla-La Mancha se desarrolla en dos sedes: Albacete (que acoge alumnado de esta provincia y la de Cuenca) y Ciudad Real (que hace lo propio con el alumnado de dicha provincia y la de Toledo), donde se impartir\u00e1n las sesiones a los alumnos seleccionados. Las pruebas de selecci\u00f3n se realizan sobre el mes de Junio en las sedes mencionadas.<\/p>\n","protected":false},"excerpt":{"rendered":"<p>El proyecto ESTALMAT (ESt\u00edmulo del TALento MATem\u00e1tico) es un proyecto de la Real Academia de Ciencias Exactas, F\u00edsicas y Naturales de Espa\u00f1a. Tal y como lo indican sus siglas, pretende fomentar el talento matem\u00e1tico, detect\u00e1ndolo en una edad temprana y poniendo en contacto a los j\u00f3venes con aspectos de las matem\u00e1ticas habitualmente desconocidos para ellos. [&hellip;]<\/p>\n","protected":false},"author":1,"featured_media":18,"parent":0,"menu_order":0,"comment_status":"closed","ping_status":"closed","template":"","meta":{"_editorskit_title_hidden":false,"_editorskit_reading_time":0,"_editorskit_is_block_options_detached":false,"_editorskit_block_options_position":"{}","_uag_custom_page_level_css":"","footnotes":""},"class_list":["post-8","page","type-page","status-publish","has-post-thumbnail","hentry"],"uagb_featured_image_src":{"full":["https:\/\/matematicas.uclm.es\/estalmat\/wp-content\/uploads\/2023\/04\/cropped-Logo-Estalmat_DEF-1-scaled-1.jpg",2559,1617,false],"thumbnail":["https:\/\/matematicas.uclm.es\/estalmat\/wp-content\/uploads\/2023\/04\/cropped-Logo-Estalmat_DEF-1-scaled-1-150x150.jpg",150,150,true],"medium":["https:\/\/matematicas.uclm.es\/estalmat\/wp-content\/uploads\/2023\/04\/cropped-Logo-Estalmat_DEF-1-scaled-1-300x190.jpg",300,190,true],"medium_large":["https:\/\/matematicas.uclm.es\/estalmat\/wp-content\/uploads\/2023\/04\/cropped-Logo-Estalmat_DEF-1-scaled-1-768x485.jpg",768,485,true],"large":["https:\/\/matematicas.uclm.es\/estalmat\/wp-content\/uploads\/2023\/04\/cropped-Logo-Estalmat_DEF-1-scaled-1-1024x647.jpg",1024,647,true],"1536x1536":["https:\/\/matematicas.uclm.es\/estalmat\/wp-content\/uploads\/2023\/04\/cropped-Logo-Estalmat_DEF-1-scaled-1-1536x971.jpg",1536,971,true],"2048x2048":["https:\/\/matematicas.uclm.es\/estalmat\/wp-content\/uploads\/2023\/04\/cropped-Logo-Estalmat_DEF-1-scaled-1-2048x1294.jpg",2048,1294,true]},"uagb_author_info":{"display_name":"earanda","author_link":"https:\/\/matematicas.uclm.es\/estalmat\/?author=1"},"uagb_comment_info":0,"uagb_excerpt":"El proyecto ESTALMAT (ESt\u00edmulo del TALento MATem\u00e1tico) es un proyecto de la Real Academia de Ciencias Exactas, F\u00edsicas y Naturales de Espa\u00f1a. Tal y como lo indican sus siglas, pretende fomentar el talento matem\u00e1tico, detect\u00e1ndolo en una edad temprana y poniendo en contacto a los j\u00f3venes con aspectos de las matem\u00e1ticas habitualmente desconocidos para ellos.&hellip;","_links":{"self":[{"href":"https:\/\/matematicas.uclm.es\/estalmat\/index.php?rest_route=\/wp\/v2\/pages\/8","targetHints":{"allow":["GET"]}}],"collection":[{"href":"https:\/\/matematicas.uclm.es\/estalmat\/index.php?rest_route=\/wp\/v2\/pages"}],"about":[{"href":"https:\/\/matematicas.uclm.es\/estalmat\/index.php?rest_route=\/wp\/v2\/types\/page"}],"author":[{"embeddable":true,"href":"https:\/\/matematicas.uclm.es\/estalmat\/index.php?rest_route=\/wp\/v2\/users\/1"}],"replies":[{"embeddable":true,"href":"https:\/\/matematicas.uclm.es\/estalmat\/index.php?rest_route=%2Fwp%2Fv2%2Fcomments&post=8"}],"version-history":[{"count":5,"href":"https:\/\/matematicas.uclm.es\/estalmat\/index.php?rest_route=\/wp\/v2\/pages\/8\/revisions"}],"predecessor-version":[{"id":220,"href":"https:\/\/matematicas.uclm.es\/estalmat\/index.php?rest_route=\/wp\/v2\/pages\/8\/revisions\/220"}],"wp:featuredmedia":[{"embeddable":true,"href":"https:\/\/matematicas.uclm.es\/estalmat\/index.php?rest_route=\/wp\/v2\/media\/18"}],"wp:attachment":[{"href":"https:\/\/matematicas.uclm.es\/estalmat\/index.php?rest_route=%2Fwp%2Fv2%2Fmedia&parent=8"}],"curies":[{"name":"wp","href":"https:\/\/api.w.org\/{rel}","templated":true}]}}