{"id":165,"date":"2025-04-22T09:52:20","date_gmt":"2025-04-22T09:52:20","guid":{"rendered":"https:\/\/matematicas.uclm.es\/estalmat\/?page_id=165"},"modified":"2025-06-04T07:26:11","modified_gmt":"2025-06-04T07:26:11","slug":"prueba-de-seleccion-curso-2025-26","status":"publish","type":"page","link":"https:\/\/matematicas.uclm.es\/estalmat\/?page_id=165","title":{"rendered":"Prueba de selecci\u00f3n curso 2025-26"},"content":{"rendered":"\n<p class=\"has-text-align-justify\">Para presentarse a las pruebas de selecci\u00f3n para el curso 2025-26 es necesario rellenar el formulario que sigue a continuaci\u00f3n, que permanecer\u00e1 abierto hasta el jueves 5 de junio.<\/p>\n\n\n\n<p class=\"has-text-align-justify\">La pruebas son exclusivas para los nacidos en <strong>2012 <\/strong>y <strong>2013<\/strong>, lo que deber\u00e1 acreditarse en el momento de la realizaci\u00f3n con la correspondiente documentaci\u00f3n (DNI, Pasaporte, Libro de Familia o similar).<\/p>\n\n\n\n<p>Pueden encontrar algunos ejemplos de pruebas de selecci\u00f3n en el siguiente <a rel=\"noreferrer noopener\" href=\"https:\/\/verso.mat.uam.es\/~eugenio.hernandez\/Estalmat-Materiales\/Indice.htm\" target=\"_blank\">enlace<\/a>.<\/p>\n\n\n\n<p>La prueba de selecci\u00f3n se llevar\u00e1 a cabo el <strong>s\u00e1bado 7 de junio<\/strong> a las 10:00 en las siguientes sedes:<\/p>\n\n\n\n<ul class=\"wp-block-list\">\n<li>En Albacete, en el Edificio Polivalente.<\/li>\n\n\n\n<li>En Ciudad Real, en el Aula Magna de la Facultad de Letras.<\/li>\n\n\n\n<li>En Toledo, en el Aula Magna del Edificio 37 (F\u00e1brica de Armas).<\/li>\n<\/ul>\n\n\n\n<p>Los participantes necesitar\u00e1n utensilios para escribir, y aunque no es estrictamente necesaria, tambi\u00e9n pueden llevar calculadora. Se recomienda que lleven agua.<\/p>\n\n\n\n\n\n\n<p><\/p>\n","protected":false},"excerpt":{"rendered":"<p>Para presentarse a las pruebas de selecci\u00f3n para el curso 2025-26 es necesario rellenar el formulario que sigue a continuaci\u00f3n, que permanecer\u00e1 abierto hasta el jueves 5 de junio. La pruebas son exclusivas para los nacidos en 2012 y 2013, lo que deber\u00e1 acreditarse en el momento de la realizaci\u00f3n con la correspondiente documentaci\u00f3n (DNI, &hellip; <a href=\"https:\/\/matematicas.uclm.es\/estalmat\/?page_id=165\" class=\"more-link\">Sigue leyendo <span class=\"screen-reader-text\">Prueba de selecci\u00f3n curso 2025-26<\/span><\/a><\/p>\n","protected":false},"author":1,"featured_media":0,"parent":0,"menu_order":0,"comment_status":"closed","ping_status":"closed","template":"","meta":{"_editorskit_title_hidden":false,"_editorskit_reading_time":0,"_editorskit_is_block_options_detached":false,"_editorskit_block_options_position":"{}","_uag_custom_page_level_css":"","footnotes":""},"class_list":["post-165","page","type-page","status-publish","hentry"],"uagb_featured_image_src":{"full":false,"thumbnail":false,"medium":false,"medium_large":false,"large":false,"1536x1536":false,"2048x2048":false,"post-thumbnail":false},"uagb_author_info":{"display_name":"earanda","author_link":"https:\/\/matematicas.uclm.es\/estalmat\/?author=1"},"uagb_comment_info":0,"uagb_excerpt":"Para presentarse a las pruebas de selecci\u00f3n para el curso 2025-26 es necesario rellenar el formulario que sigue a continuaci\u00f3n, que permanecer\u00e1 abierto hasta el jueves 5 de junio. La pruebas son exclusivas para los nacidos en 2012 y 2013, lo que deber\u00e1 acreditarse en el momento de la realizaci\u00f3n con la correspondiente documentaci\u00f3n (DNI,&hellip;","_links":{"self":[{"href":"https:\/\/matematicas.uclm.es\/estalmat\/index.php?rest_route=\/wp\/v2\/pages\/165","targetHints":{"allow":["GET"]}}],"collection":[{"href":"https:\/\/matematicas.uclm.es\/estalmat\/index.php?rest_route=\/wp\/v2\/pages"}],"about":[{"href":"https:\/\/matematicas.uclm.es\/estalmat\/index.php?rest_route=\/wp\/v2\/types\/page"}],"author":[{"embeddable":true,"href":"https:\/\/matematicas.uclm.es\/estalmat\/index.php?rest_route=\/wp\/v2\/users\/1"}],"replies":[{"embeddable":true,"href":"https:\/\/matematicas.uclm.es\/estalmat\/index.php?rest_route=%2Fwp%2Fv2%2Fcomments&post=165"}],"version-history":[{"count":5,"href":"https:\/\/matematicas.uclm.es\/estalmat\/index.php?rest_route=\/wp\/v2\/pages\/165\/revisions"}],"predecessor-version":[{"id":175,"href":"https:\/\/matematicas.uclm.es\/estalmat\/index.php?rest_route=\/wp\/v2\/pages\/165\/revisions\/175"}],"wp:attachment":[{"href":"https:\/\/matematicas.uclm.es\/estalmat\/index.php?rest_route=%2Fwp%2Fv2%2Fmedia&parent=165"}],"curies":[{"name":"wp","href":"https:\/\/api.w.org\/{rel}","templated":true}]}}