{"id":4,"date":"2007-06-07T17:35:03","date_gmt":"2007-06-07T15:35:03","guid":{"rendered":"http:\/\/161.67.37.90\/?page_id=4"},"modified":"2020-01-10T14:38:47","modified_gmt":"2020-01-10T12:38:47","slug":"presentacion","status":"publish","type":"page","link":"https:\/\/matematicas.uclm.es\/earanda\/","title":{"rendered":"Presentaci\u00f3n"},"content":{"rendered":"<p>Ernesto Aranda es Profesor Titular de Universidad del \u00c1rea de Matem\u00e1tica Aplicada en la E.T.S. de Ingenieros Industriales de Ciudad Real de la Universidad de Castilla - La Mancha.<\/p>\n<p><img decoding=\"async\" src=\"wp-content\/images\/teba.jpg\" alt=\"\" width=\"300\" \/><\/p>\n","protected":false},"excerpt":{"rendered":"<p>Ernesto Aranda es Profesor Titular de Universidad del \u00c1rea de Matem\u00e1tica Aplicada en la E.T.S. de Ingenieros Industriales de Ciudad Real de la Universidad de Castilla &#8211; La Mancha.<\/p>\n","protected":false},"author":2,"featured_media":0,"parent":0,"menu_order":-1,"comment_status":"closed","ping_status":"closed","template":"","meta":{"footnotes":""},"class_list":["post-4","page","type-page","status-publish","hentry"],"_links":{"self":[{"href":"https:\/\/matematicas.uclm.es\/earanda\/index.php?rest_route=\/wp\/v2\/pages\/4","targetHints":{"allow":["GET"]}}],"collection":[{"href":"https:\/\/matematicas.uclm.es\/earanda\/index.php?rest_route=\/wp\/v2\/pages"}],"about":[{"href":"https:\/\/matematicas.uclm.es\/earanda\/index.php?rest_route=\/wp\/v2\/types\/page"}],"author":[{"embeddable":true,"href":"https:\/\/matematicas.uclm.es\/earanda\/index.php?rest_route=\/wp\/v2\/users\/2"}],"replies":[{"embeddable":true,"href":"https:\/\/matematicas.uclm.es\/earanda\/index.php?rest_route=%2Fwp%2Fv2%2Fcomments&post=4"}],"version-history":[{"count":4,"href":"https:\/\/matematicas.uclm.es\/earanda\/index.php?rest_route=\/wp\/v2\/pages\/4\/revisions"}],"predecessor-version":[{"id":336,"href":"https:\/\/matematicas.uclm.es\/earanda\/index.php?rest_route=\/wp\/v2\/pages\/4\/revisions\/336"}],"wp:attachment":[{"href":"https:\/\/matematicas.uclm.es\/earanda\/index.php?rest_route=%2Fwp%2Fv2%2Fmedia&parent=4"}],"curies":[{"name":"wp","href":"https:\/\/api.w.org\/{rel}","templated":true}]}}