{"id":152,"date":"2013-10-04T13:25:48","date_gmt":"2013-10-04T11:25:48","guid":{"rendered":"http:\/\/matematicas.uclm.es\/earanda\/?page_id=152"},"modified":"2021-05-19T13:15:42","modified_gmt":"2021-05-19T11:15:42","slug":"libros-y-apuntes","status":"publish","type":"page","link":"https:\/\/matematicas.uclm.es\/earanda\/?page_id=152","title":{"rendered":"Libros, apuntes y otras descargas"},"content":{"rendered":"<div class='w3eden'><!-- WPDM Link Template: Default Template -->\n\n<div class=\"link-template-default card mb-2\">\n    <div class=\"card-body\">\n        <div class=\"media\">\n            <div class=\"mr-3 img-48\"><img decoding=\"async\" class=\"wpdm_icon\" alt=\"Icono\"   src=\"https:\/\/matematicas.uclm.es\/earanda\/wp-content\/plugins\/download-manager\/assets\/file-type-icons\/pdf.svg\" \/><\/div>\n            <div class=\"media-body\">\n                <h3 class=\"package-title\"><a href='https:\/\/matematicas.uclm.es\/earanda\/?wpdmpro=apuntes-de-python-3'>Apuntes de Python 3<\/a><\/h3>\n                <div class=\"text-muted text-small\"><i class=\"fas fa-copy\"><\/i> 1 archivo(s) <i class=\"fas fa-hdd ml-3\"><\/i> 2.17 MB<\/div>\n            <\/div>\n            <div class=\"ml-3\">\n                <a class='wpdm-download-link download-on-click btn btn-primary btn-xs' rel='nofollow' href='#' data-downloadurl=\"https:\/\/matematicas.uclm.es\/earanda\/?wpdmpro=apuntes-de-python-3&wpdmdl=360&refresh=69f6dab08b9da1777785520\">Descargar<\/a>\n            <\/div>\n        <\/div>\n    <\/div>\n<\/div>\n\n<\/div>\n\n\n<div class='w3eden'><!-- WPDM Link Template: Default Template -->\n\n<div class=\"link-template-default card mb-2\">\n    <div class=\"card-body\">\n        <div class=\"media\">\n            <div class=\"mr-3 img-48\"><img decoding=\"async\" class=\"wpdm_icon\" alt=\"Icono\" src=\"https:\/\/matematicas.uclm.es\/earanda\/wp-content\/plugins\/download-manager\/assets\/file-type-icons\/pdf.svg\" \/><\/div>\n            <div class=\"media-body\">\n                <h3 class=\"package-title\"><a href='https:\/\/matematicas.uclm.es\/earanda\/?wpdmpro=algebra-lineal-con-aplicaciones-y-python'>\u00c1lgebra lineal con aplicaciones y Python<\/a><\/h3>\n                <div class=\"text-muted text-small\"><i class=\"fas fa-copy\"><\/i> 1 archivo(s) <i class=\"fas fa-hdd ml-3\"><\/i> 2.60 MB<\/div>\n            <\/div>\n            <div class=\"ml-3\">\n                <a class='wpdm-download-link download-on-click btn btn-primary btn-xs' rel='nofollow' href='#' data-downloadurl=\"https:\/\/matematicas.uclm.es\/earanda\/?wpdmpro=algebra-lineal-con-aplicaciones-y-python&wpdmdl=365&refresh=69f6dab08d2241777785520\">Descargar<\/a>\n            <\/div>\n        <\/div>\n    <\/div>\n<\/div>\n\n<\/div>\n\n\n\n<p>(puedes comprar una versi\u00f3n impresa <a href=\"https:\/\/www.lulu.com\/en\/en\/shop\/ernesto-aranda\/%C3%A1lgebra-lineal-con-aplicaciones-y-python\/paperback\/product-1vkpmdqv.html?page=1&amp;pageSize=4\" data-type=\"URL\" data-id=\"https:\/\/www.lulu.com\/en\/en\/shop\/ernesto-aranda\/%C3%A1lgebra-lineal-con-aplicaciones-y-python\/paperback\/product-1vkpmdqv.html?page=1&amp;pageSize=4\" target=\"_blank\" rel=\"noreferrer noopener\">aqu\u00ed<\/a><\/p>\n\n\n<div class='w3eden'><!-- WPDM Link Template: Default Template -->\n\n<div class=\"link-template-default card mb-2\">\n    <div class=\"card-body\">\n        <div class=\"media\">\n            <div class=\"mr-3 img-48\"><img decoding=\"async\" class=\"wpdm_icon\" alt=\"Icono\" src=\"https:\/\/matematicas.uclm.es\/earanda\/wp-content\/plugins\/download-manager\/assets\/file-type-icons\/pdf.svg\" \/><\/div>\n            <div class=\"media-body\">\n                <h3 class=\"package-title\"><a href='https:\/\/matematicas.uclm.es\/earanda\/?wpdmpro=problemas-de-calculo-vectorial'>Problemas de C\u00e1lculo Vectorial<\/a><\/h3>\n                <div class=\"text-muted text-small\"><i class=\"fas fa-copy\"><\/i> 1 archivo(s) <i class=\"fas fa-hdd ml-3\"><\/i> 4.50 MB<\/div>\n            <\/div>\n            <div class=\"ml-3\">\n                <a class='wpdm-download-link download-on-click btn btn-primary btn-xs' rel='nofollow' href='#' data-downloadurl=\"https:\/\/matematicas.uclm.es\/earanda\/?wpdmpro=problemas-de-calculo-vectorial&wpdmdl=367&refresh=69f6dab08efcb1777785520\">Descargar<\/a>\n            <\/div>\n        <\/div>\n    <\/div>\n<\/div>\n\n<\/div>\n\n\n\n<p>(puedes comprar una versi\u00f3n impresa <a href=\"https:\/\/www.lulu.com\/en\/en\/shop\/pablo-pedregal-and-ernesto-aranda\/problemas-de-c%C3%A1lculo-vectorial\/paperback\/product-18k6vyyr.html?page=1&amp;pageSize=4\" data-type=\"URL\" data-id=\"https:\/\/www.lulu.com\/en\/en\/shop\/pablo-pedregal-and-ernesto-aranda\/problemas-de-c%C3%A1lculo-vectorial\/paperback\/product-18k6vyyr.html?page=1&amp;pageSize=4\">aqu\u00ed<\/a><\/p>\n\n\n<div class='w3eden'><!-- WPDM Link Template: Default Template -->\n\n<div class=\"link-template-default card mb-2\">\n    <div class=\"card-body\">\n        <div class=\"media\">\n            <div class=\"mr-3 img-48\"><img decoding=\"async\" class=\"wpdm_icon\" alt=\"Icono\" src=\"https:\/\/matematicas.uclm.es\/earanda\/wp-content\/plugins\/download-manager\/assets\/file-type-icons\/pdf.svg\" \/><\/div>\n            <div class=\"media-body\">\n                <h3 class=\"package-title\"><a href='https:\/\/matematicas.uclm.es\/earanda\/?wpdmpro=problemas-de-calculo-en-una-variable'>Problemas de c\u00e1lculo en una variable<\/a><\/h3>\n                <div class=\"text-muted text-small\"><i class=\"fas fa-copy\"><\/i> 1 archivo(s) <i class=\"fas fa-hdd ml-3\"><\/i> 1.39 MB<\/div>\n            <\/div>\n            <div class=\"ml-3\">\n                <a class='wpdm-download-link download-on-click btn btn-primary btn-xs' rel='nofollow' href='#' data-downloadurl=\"https:\/\/matematicas.uclm.es\/earanda\/?wpdmpro=problemas-de-calculo-en-una-variable&wpdmdl=370&refresh=69f6dab0907b61777785520\">Descargar<\/a>\n            <\/div>\n        <\/div>\n    <\/div>\n<\/div>\n\n<\/div>\n\n\n<div class='w3eden'><!-- WPDM Link Template: Default Template -->\n\n<div class=\"link-template-default card mb-2\">\n    <div class=\"card-body\">\n        <div class=\"media\">\n            <div class=\"mr-3 img-48\"><img decoding=\"async\" class=\"wpdm_icon\" alt=\"Icono\" src=\"https:\/\/matematicas.uclm.es\/earanda\/wp-content\/plugins\/download-manager\/assets\/file-type-icons\/pdf.svg\" \/><\/div>\n            <div class=\"media-body\">\n                <h3 class=\"package-title\"><a href='https:\/\/matematicas.uclm.es\/earanda\/?wpdmpro=curso-de-latex'>Curso de LateX<\/a><\/h3>\n                <div class=\"text-muted text-small\"><i class=\"fas fa-copy\"><\/i> 1 archivo(s) <i class=\"fas fa-hdd ml-3\"><\/i> 1.94 MB<\/div>\n            <\/div>\n            <div class=\"ml-3\">\n                <a class='wpdm-download-link download-on-click btn btn-primary btn-xs' rel='nofollow' href='#' data-downloadurl=\"https:\/\/matematicas.uclm.es\/earanda\/?wpdmpro=curso-de-latex&wpdmdl=372&refresh=69f6dab091e071777785520\">Descargar<\/a>\n            <\/div>\n        <\/div>\n    <\/div>\n<\/div>\n\n<\/div>\n\n\n<div class='w3eden'><!-- WPDM Link Template: Default Template -->\n\n<div class=\"link-template-default card mb-2\">\n    <div class=\"card-body\">\n        <div class=\"media\">\n            <div class=\"mr-3 img-48\"><img decoding=\"async\" class=\"wpdm_icon\" alt=\"Icono\" src=\"https:\/\/matematicas.uclm.es\/earanda\/wp-content\/plugins\/download-manager\/assets\/file-type-icons\/pdf.svg\" \/><\/div>\n            <div class=\"media-body\">\n                <h3 class=\"package-title\"><a href='https:\/\/matematicas.uclm.es\/earanda\/?wpdmpro=latex-avanzado'>LaTeX avanzado<\/a><\/h3>\n                <div class=\"text-muted text-small\"><i class=\"fas fa-copy\"><\/i> 1 archivo(s) <i class=\"fas fa-hdd ml-3\"><\/i> 14.58 MB<\/div>\n            <\/div>\n            <div class=\"ml-3\">\n                <a class='wpdm-download-link download-on-click btn btn-primary btn-xs' rel='nofollow' href='#' data-downloadurl=\"https:\/\/matematicas.uclm.es\/earanda\/?wpdmpro=latex-avanzado&wpdmdl=374&refresh=69f6dab0934941777785520\">Descargar<\/a>\n            <\/div>\n        <\/div>\n    <\/div>\n<\/div>\n\n<\/div>\n\n\n<div class='w3eden'><!-- WPDM Link Template: Default Template -->\n\n<div class=\"link-template-default card mb-2\">\n    <div class=\"card-body\">\n        <div class=\"media\">\n            <div class=\"mr-3 img-48\"><img decoding=\"async\" class=\"wpdm_icon\" alt=\"Icono\" src=\"https:\/\/matematicas.uclm.es\/earanda\/wp-content\/plugins\/download-manager\/assets\/file-type-icons\/zip.svg\" \/><\/div>\n            <div class=\"media-body\">\n                <h3 class=\"package-title\"><a href='https:\/\/matematicas.uclm.es\/earanda\/?wpdmpro=plantilla-tfg-latex'>Plantilla TFG (LaTeX)<\/a><\/h3>\n                <div class=\"text-muted text-small\"><i class=\"fas fa-copy\"><\/i> 1 archivo(s) <i class=\"fas fa-hdd ml-3\"><\/i> 338.61 KB<\/div>\n            <\/div>\n            <div class=\"ml-3\">\n                <a class='wpdm-download-link download-on-click btn btn-primary btn-xs' rel='nofollow' href='#' data-downloadurl=\"https:\/\/matematicas.uclm.es\/earanda\/?wpdmpro=plantilla-tfg-latex&wpdmdl=377&refresh=69f6dab094be41777785520\">Descargar<\/a>\n            <\/div>\n        <\/div>\n    <\/div>\n<\/div>\n\n<\/div>\n\n\n<div class='w3eden'><!-- WPDM Link Template: Default Template -->\n\n<div class=\"link-template-default card mb-2\">\n    <div class=\"card-body\">\n        <div class=\"media\">\n            <div class=\"mr-3 img-48\"><img decoding=\"async\" class=\"wpdm_icon\" alt=\"Icono\" src=\"https:\/\/matematicas.uclm.es\/earanda\/wp-content\/plugins\/download-manager\/assets\/file-type-icons\/zip.svg\" \/><\/div>\n            <div class=\"media-body\">\n                <h3 class=\"package-title\"><a href='https:\/\/matematicas.uclm.es\/earanda\/?wpdmpro=plantilla-tfg-xelatex'>Plantilla TFG (XeLaTeX)<\/a><\/h3>\n                <div class=\"text-muted text-small\"><i class=\"fas fa-copy\"><\/i> 1 archivo(s) <i class=\"fas fa-hdd ml-3\"><\/i> 397.51 KB<\/div>\n            <\/div>\n            <div class=\"ml-3\">\n                <a class='wpdm-download-link download-on-click btn btn-primary btn-xs' rel='nofollow' href='#' data-downloadurl=\"https:\/\/matematicas.uclm.es\/earanda\/?wpdmpro=plantilla-tfg-xelatex&wpdmdl=378&refresh=69f6dab0961fc1777785520\">Descargar<\/a>\n            <\/div>\n        <\/div>\n    <\/div>\n<\/div>\n\n<\/div>\n\n\n\n<p>Si detectas alg\u00fan error o tienes alguna sugerencia, deja un comentario.<\/p>\n\n\n\n<p><\/p>\n","protected":false},"excerpt":{"rendered":"<p>(puedes comprar una versi\u00f3n impresa aqu\u00ed (puedes comprar una versi\u00f3n impresa aqu\u00ed Si detectas alg\u00fan error o tienes alguna sugerencia, deja un comentario.<\/p>\n","protected":false},"author":2,"featured_media":0,"parent":0,"menu_order":0,"comment_status":"open","ping_status":"closed","template":"","meta":{"footnotes":""},"class_list":["post-152","page","type-page","status-publish","hentry"],"_links":{"self":[{"href":"https:\/\/matematicas.uclm.es\/earanda\/index.php?rest_route=\/wp\/v2\/pages\/152","targetHints":{"allow":["GET"]}}],"collection":[{"href":"https:\/\/matematicas.uclm.es\/earanda\/index.php?rest_route=\/wp\/v2\/pages"}],"about":[{"href":"https:\/\/matematicas.uclm.es\/earanda\/index.php?rest_route=\/wp\/v2\/types\/page"}],"author":[{"embeddable":true,"href":"https:\/\/matematicas.uclm.es\/earanda\/index.php?rest_route=\/wp\/v2\/users\/2"}],"replies":[{"embeddable":true,"href":"https:\/\/matematicas.uclm.es\/earanda\/index.php?rest_route=%2Fwp%2Fv2%2Fcomments&post=152"}],"version-history":[{"count":35,"href":"https:\/\/matematicas.uclm.es\/earanda\/index.php?rest_route=\/wp\/v2\/pages\/152\/revisions"}],"predecessor-version":[{"id":381,"href":"https:\/\/matematicas.uclm.es\/earanda\/index.php?rest_route=\/wp\/v2\/pages\/152\/revisions\/381"}],"wp:attachment":[{"href":"https:\/\/matematicas.uclm.es\/earanda\/index.php?rest_route=%2Fwp%2Fv2%2Fmedia&parent=152"}],"curies":[{"name":"wp","href":"https:\/\/api.w.org\/{rel}","templated":true}]}}